{"id":31277,"date":"2026-02-11T12:24:25","date_gmt":"2026-02-11T12:24:25","guid":{"rendered":"https:\/\/coralesresidences.com\/frequently-asked-questions\/"},"modified":"2026-02-13T11:56:06","modified_gmt":"2026-02-13T11:56:06","slug":"frequently-asked-questions","status":"publish","type":"page","link":"https:\/\/coralesresidences.com\/nl\/frequently-asked-questions\/","title":{"rendered":"Veelgestelde Vragen"},"content":{"rendered":"<div class=\"wpb-content-wrapper\"><p>[vc_row full_width=&#8221;stretch_row_content_no_spaces&#8221; content_placement=&#8221;bottom&#8221; el_disable_tablet=&#8221;1&#8243; el_disable_mobile=&#8221;1&#8243; css=&#8221;.vc_custom_1744372370853{margin-top: 110px !important;margin-bottom: 0px !important;}&#8221;][vc_column]<style type=\"text\/css\">.thegem-button-6a07214ae15ae7986 .gem-button {margin-bottom: 30px;}@media (max-width: 992px) {.thegem-button-6a07214ae15ae7986 .gem-button {margin-bottom: 30px;}}@media (max-width: 767px) {.thegem-button-6a07214ae15ae7986 .gem-button {margin-bottom: 30px;}}.thegem-button-6a07214ae15ae7986 .gem-button {text-transform: none;}.thegem-button-6a07214ae15ae7986 .gem-button svg {fill: #000000;}.thegem-button-6a07214ae15ae7986 .gem-button:hover svg {fill: #000000;}<\/style><div class=\"gem-button-container gem-button-position-center thegem-button-6a07214ae15ae7986    \"  ><a class=\"gem-button gem-button-size-tiny gem-button-style-flat gem-button-text-weight-thin gem-button-icon-position-left\" data-ll-effect=\"drop-right-without-wrap\" style=\"border-radius: 0px;background-color: #00000000;color: #000000;\" onmouseleave=\"this.style.backgroundColor='#00000000';this.style.color='#000000';\" onmouseenter=\"this.style.backgroundColor='#A3454500';this.style.color='#000000';\" href=\"https:\/\/coralesresidences.com\/nl\/\" target=\"_self\"><i class=\"gem-print-icon gem-icon-pack-elegant \">&#x23;<\/i>Home<\/a><\/div> [\/vc_column][\/vc_row][vc_row full_width=&#8221;stretch_row_content_no_spaces&#8221; content_placement=&#8221;bottom&#8221; el_disable_tablet=&#8221;1&#8243; el_disable_mobile=&#8221;1&#8243; css_animation=&#8221;fadeInUp&#8221; css=&#8221;.vc_custom_1744371677593{margin-top: 0px !important;}&#8221; z_index=&#8221;9999&#8243;][vc_column][vc_custom_heading text=&#8221;Veelgestelde Vragen&#8221; font_container=&#8221;tag:h1|text_align:center|color:%23111111&#8243; use_theme_fonts=&#8221;yes&#8221; css=&#8221;.vc_custom_1770813081525{margin-bottom: 0px !important;padding-bottom: 0px !important;}&#8221; css_animation=&#8221;fadeInUp&#8221; el_class=&#8221;AG-C-H1-FIRST&#8221;][vc_empty_space height=&#8221;50px&#8221;][\/vc_column][\/vc_row][vc_row css=&#8221;.vc_custom_1770812228392{border-top-width: 1px !important;border-right-width: 1px !important;border-bottom-width: 1px !important;border-left-width: 1px !important;padding-top: 20px !important;padding-right: 20px !important;padding-bottom: 20px !important;padding-left: 20px !important;background-color: #976A4D00 !important;border-left-style: solid !important;border-right-style: solid !important;border-top-style: solid !important;border-bottom-style: solid !important;border-color: #976A4D !important;}&#8221;][vc_column][vc_toggle title=&#8221;Wat is de Corales Collection?&#8221; css=&#8221;&#8221;]<\/p>\n<p style=\"font-weight: 400;\">De Corales Collection bestaat uit vier afzonderlijke projecten in La Caleta, Tenerife, elk met een eigen karakter, eigendomsstructuur en gebruiksvoorwaarden.<\/p>\n<p style=\"font-weight: 400;\">Royal Hideaway Corales Beach is een adults-only beachfront hotel met Junior Suites. Het persoonlijk gebruik is beperkt tot 30 dagen per jaar, wat het ideaal maakt voor eigenaars die op zoek zijn naar een zorgeloze investering met occasioneel eigen verblijf.<\/p>\n<p style=\"font-weight: 400;\">Royal Hideaway Corales Suites is een familievriendelijk beachfront resort met appartementen, villa suites, duplex units en penthouses. Persoonlijk gebruik is toegestaan tot 90 dagen per jaar.<\/p>\n<p style=\"font-weight: 400;\">Hotel Royal Hideaway Corales Villas biedt 2- en 3-slaapkamer villa\u2019s en appartementen met priv\u00e9zwembad, met tot 180 dagen persoonlijk gebruik per jaar en toegang tot volledige 5-sterren hotelservices.<\/p>\n<p style=\"font-weight: 400;\">Corales Residences is de nieuwste ontwikkeling binnen de Collection en wordt verwacht te worden opgeleverd eind 2028 \/ begin 2029. Het project omvat luxueuze 3- en 4-slaapkamer residenties, hoekpenthouses en Royal Villas, ontworpen om ruim priv\u00e9wonen te combineren met de diensten van een premium hotelomgeving.<\/p>\n<p>[\/vc_toggle][vc_toggle title=&#8221;Hoe werkt eigendom binnen Corales?&#8221; css=&#8221;&#8221;]<\/p>\n<p style=\"font-weight: 400;\">Eigendom binnen de Corales Collection combineert volledige priv\u00e9-eigendom met professioneel hotelbeheer.<\/p>\n<p style=\"font-weight: 400;\">Alle eigendommen zijn ge\u00efntegreerd in een resortstructuur en worden exclusief beheerd door Barcel\u00f3 Hotel Group. Dit garandeert consistente kwaliteitsnormen, onderhoud, marketing, internationale distributie en operationeel beheer.<\/p>\n<p style=\"font-weight: 400;\">Elk complex heeft een vastgelegd maximum persoonlijk gebruik per jaar. Wanneer de woning niet persoonlijk wordt gebruikt, wordt deze verhuurd via de hotelstructuur. Eigenaars verhuren de woning niet zelfstandig en beheren geen kortetermijnverhuur zelf. Dit zorgt voor een gestructureerd en gereguleerd systeem met professionele opvolging.<\/p>\n<p style=\"font-weight: 400;\">Dit is geen timeshare-model. Eigenaars bezitten hun woning in volle eigendom binnen een professioneel beheerde luxe resortomgeving.<\/p>\n<p>[\/vc_toggle][vc_toggle title=&#8221;Kunnen eigenaars gebruikmaken van de faciliteiten van Corales Villas en Corales Resort?&#8221; css=&#8221;&#8221;]<\/p>\n<p style=\"font-weight: 400;\">Ja. Eigenaars van Corales Residences hebben toegang tot faciliteiten binnen de Corales Collection.<\/p>\n<p style=\"font-weight: 400;\">Dit omvat gedeelde zones en geselecteerde diensten binnen Hotel Royal Hideaway Corales Villas, evenals het bredere Corales Resort complex, dat bestaat uit Royal Hideaway Corales Suites en Royal Hideaway Corales Beach.<\/p>\n<p style=\"font-weight: 400;\">Toegang is steeds onderworpen aan de hotelreglementering en beschikbaarheid, zodat een evenwicht wordt behouden tussen residenti\u00eble privacy en hoteloperaties.<\/p>\n<p>[\/vc_toggle][vc_toggle title=&#8221;Hoe werkt het verhuurinkomen?&#8221; css=&#8221;&#8221;]<\/p>\n<p style=\"font-weight: 400;\">Het verhuurinkomen is gekoppeld aan de effectieve prestaties van het hotel. Eigenaars ontvangen een vergoeding berekend als 21% van de bruto kameromzet, uitsluitend gebaseerd op accommodatie-inkomsten (voeding en dranken niet inbegrepen).<\/p>\n<p style=\"font-weight: 400;\">Het systeem werkt op basis van een poolmodel, wat betekent dat de inkomsten van vergelijkbare units worden samengevoegd en proportioneel verdeeld, waarbij persoonlijke gebruiksdagen in mindering worden gebracht.<\/p>\n<p style=\"font-weight: 400;\">Van de vergoeding van de eigenaar worden vaste jaarlijkse kosten gedekt, waaronder onroerende voorheffing (IBI), afvalbelasting, verzekering, bijdrage aan het reservefonds en de beheervergoeding. Wettelijke belastingen zoals IGIC en standaard reserverings- en distributiecommissies worden eveneens afgetrokken.<\/p>\n<p style=\"font-weight: 400;\">Het resterende bedrag vormt het netto verhuurinkomen dat tweemaal per jaar wordt uitbetaald.\u00a0De resultaten kunnen vari\u00ebren afhankelijk van bezettingsgraad, seizoensinvloeden, persoonlijk gebruik en de algemene hotelprestaties.<\/p>\n<p>[\/vc_toggle][vc_toggle title=&#8221;Welke kosten kan ik verwachten?&#8221; css=&#8221;&#8221;]<\/p>\n<p style=\"font-weight: 400;\">Vaste jaarlijkse kosten zijn van toepassing, ongeacht persoonlijk gebruik, en vari\u00ebren afhankelijk van het complex en het type unit.<\/p>\n<p style=\"font-weight: 400;\">Tijdens persoonlijk verblijf zijn verplichte kosten van toepassing voor nutsvoorzieningen (water en elektriciteit) en een verplichte eindschoonmaak per verblijf.<\/p>\n<p style=\"font-weight: 400;\">Eigenaars genieten van kosteloze toegang tot geselecteerde hotelfaciliteiten, waaronder de Kids &amp; Teens Club, fitnessruimte en wellnesszones (met uitzondering van betalende behandelingen zoals massages en gespecialiseerde therapie\u00ebn).<\/p>\n<p style=\"font-weight: 400;\">Optionele hotelservices zoals housekeeping, ontbijtservice, roomservice, restaurantconsumptie en wellnessbehandelingen zijn beschikbaar tegen meerprijs, maar zijn niet verplicht.<\/p>\n<p>[\/vc_toggle][vc_toggle title=&#8221;Welke voorzieningen biedt Corales Residences?&#8221; css=&#8221;&#8221;]<\/p>\n<p style=\"font-weight: 400;\">Corales Residences is ontworpen om een premium woonervaring te bieden binnen een 5-sterren omgeving. Het project omvat twee zwembaden: \u00e9\u00e9n adults-only zwembad en \u00e9\u00e9n zwembad toegankelijk voor alle bewoners en gezinnen.<\/p>\n<p style=\"font-weight: 400;\">Geplande faciliteiten omvatten een sauna, wellnessruimte, yoga- en mindfulnesszone, openluchtcinema en aangelegde gemeenschappelijke tuinen.\u00a0Deze voorzieningen vormen een aanvulling op de bestaande lifestyle- en service-infrastructuur van de Corales Collection.<\/p>\n<p>[\/vc_toggle][vc_toggle title=&#8221;Wat is de verwachte opleverdatum?&#8221; css=&#8221;&#8221;]<\/p>\n<p style=\"font-weight: 400;\">De verwachte opleverdatum van Corales Residences is eind 2028 of begin 2029.<\/p>\n<p style=\"font-weight: 400;\">Bouwupdates en voortgangsrapporten zijn beschikbaar op aanvraag.<\/p>\n<p>[\/vc_toggle][vc_toggle title=&#8221;Waar kan ik de beschikbare woningen bekijken?&#8221; css=&#8221;&#8221;]<\/p>\n<p style=\"font-weight: 400;\">Beschikbaarheid voor Corales Residences kan worden opgevraagd via ons contactformulier.<\/p>\n<p style=\"font-weight: 400;\">Alle momenteel beschikbare eigendommen binnen de Corales Collection zijn zichtbaar op de website van Reyes Property via\u00a0<a href=\"http:\/\/reyesproperty.es\/\" data-saferedirecturl=\"https:\/\/www.google.com\/url?q=http:\/\/reyesproperty.es&amp;source=gmail&amp;ust=1770897208548000&amp;usg=AOvVaw0_-Fei6sG7rcYoKpbk0xdq\">reyesproperty.es<\/a>.<\/p>\n<p style=\"font-weight: 400;\">Indien u plattegronden, gedetailleerde prijsinformatie of verdere toelichting over de eigendomsstructuur wenst te ontvangen, nodigen wij u graag uit voor een priv\u00e9bezoek aan ons Reyes Property kantoor, gelegen in Hotel Royal Hideaway Corales Villas.<\/p>\n<p style=\"font-weight: 400;\">Voor verdere vragen kunt u gebruikmaken van het contactformulier. Ons team helpt u graag persoonlijk verder.<\/p>\n<p>[\/vc_toggle][\/vc_column][\/vc_row][vc_row full_width=&#8221;stretch_row&#8221; el_disable_tablet=&#8221;1&#8243; el_disable_mobile=&#8221;1&#8243; custom_css_code=&#8221;LmxpbmUtc3R5bGUlN0IlMEElMjAlMjAlMjAlMjBwb3NpdGlvbiUzQSUyMHJlbGF0aXZlJTNCJTBBJTIwJTIwJTIwJTIwZGlzcGxheSUzQSUyMGlubGluZS1ibG9jayUzQiUwQSUyMCUyMCUyMCUyMHotaW5kZXglM0ElMjA1JTNCJTBBJTdEJTBBLmxpbmUtc3R5bGUlM0FiZWZvcmUlMjAlN0IlMEElMjAlMjAlMjAlMjBjb250ZW50JTNBJTIwJTI3JTI3JTNCJTBBJTIwJTIwJTIwJTIwcG9zaXRpb24lM0ElMjBhYnNvbHV0ZSUzQiUwQSUyMCUyMCUyMCUyMHRvcCUzQSUyMDUwJTI1JTNCJTBBJTIwJTIwJTIwJTIwbGVmdCUzQSUyMDAlM0IlMEElMjAlMjAlMjAlMjB3aWR0aCUzQSUyMDEwMCUyNSUzQiUwQSUyMCUyMCUyMCUyMGhlaWdodCUzQSUyMDQwJTI1JTNCJTBBJTIwJTIwJTIwJTIwYmFja2dyb3VuZCUzQSUyMCUyM2VlZmY0MSUzQiUwQSUyMCUyMCUyMCUyMHotaW5kZXglM0ElMjAtMSUzQiUwQSU3RA==&#8221; css=&#8221;.vc_custom_1739882680632{margin-bottom: 100px !important;background-color: #F5EDE0 !important;}&#8221; el_id=&#8221;contact&#8221;][vc_column][vc_column_text css=&#8221;&#8221;]<\/p>\n<h1 class=\"AG-C-H1\" style=\"color: #976a4d; text-align: center;\">CONTACT<\/h1>\n<p>[\/vc_column_text][vc_empty_space height=&#8221;50PX&#8221;]\n<div class=\"wpcf7 no-js\" id=\"wpcf7-f910-o1\" lang=\"en-US\" dir=\"ltr\" data-wpcf7-id=\"910\">\n<div class=\"screen-reader-response\"><p role=\"status\" aria-live=\"polite\" aria-atomic=\"true\"><\/p> <ul><\/ul><\/div>\n<form action=\"\/nl\/wp-json\/wp\/v2\/pages\/31277#wpcf7-f910-o1\" method=\"post\" class=\"wpcf7-form init\" aria-label=\"Contact form\" novalidate=\"novalidate\" data-status=\"init\">\n<fieldset class=\"hidden-fields-container\"><input type=\"hidden\" name=\"_wpcf7\" value=\"910\" \/><input type=\"hidden\" name=\"_wpcf7_version\" value=\"6.1.5\" \/><input type=\"hidden\" name=\"_wpcf7_locale\" value=\"en_US\" \/><input type=\"hidden\" name=\"_wpcf7_unit_tag\" value=\"wpcf7-f910-o1\" \/><input type=\"hidden\" name=\"_wpcf7_container_post\" value=\"0\" \/><input type=\"hidden\" name=\"_wpcf7_posted_data_hash\" value=\"\" \/><input type=\"hidden\" name=\"_wpcf7_recaptcha_response\" value=\"\" \/>\n<\/fieldset>\n<div class=\"contact-form\">\n\t<div class=\"col-lg-6 col-md-6 col-xs-12\" >\n\t\t<div class=\"form-line\"><label> Uw naam * <span class=\"wpcf7-form-control-wrap\" data-name=\"your-name\"><input size=\"40\" maxlength=\"400\" class=\"wpcf7-form-control wpcf7-text wpcf7-validates-as-required\" aria-required=\"true\" aria-invalid=\"false\" value=\"\" type=\"text\" name=\"your-name\" \/><\/span> <\/label><\/div>\n\t<\/div>\n\t<div class=\"col-lg-6 col-md-6 col-xs-12\" >\n\t\t<div class=\"form-line\"><label> Uw achternaam * <span class=\"wpcf7-form-control-wrap\" data-name=\"your-surname\"><input size=\"40\" maxlength=\"400\" class=\"wpcf7-form-control wpcf7-text wpcf7-validates-as-required\" aria-required=\"true\" aria-invalid=\"false\" value=\"\" type=\"text\" name=\"your-surname\" \/><\/span> <\/label><\/div>\n\t<\/div>\n\t<div class=\"col-lg-6 col-md-6 col-xs-12\" >\n\t\t<div class=\"form-line\"><label> Uw email * <span class=\"wpcf7-form-control-wrap\" data-name=\"your-email\"><input size=\"40\" maxlength=\"400\" class=\"wpcf7-form-control wpcf7-email wpcf7-validates-as-required wpcf7-text wpcf7-validates-as-email\" aria-required=\"true\" aria-invalid=\"false\" value=\"\" type=\"email\" name=\"your-email\" \/><\/span> <\/label><\/div>\n\t<\/div>\n<div class=\"col-lg-6 col-md-6 col-xs-12\" >\n\t\t<div class=\"form-line\"><label> Uw telefoonnummer * <span class=\"wpcf7-form-control-wrap\" data-name=\"your-phone\"><input size=\"40\" maxlength=\"400\" class=\"wpcf7-form-control wpcf7-text wpcf7-validates-as-required\" id=\"campo4\" aria-required=\"true\" aria-invalid=\"false\" value=\"\" type=\"text\" name=\"your-phone\" \/><\/span> <\/label><\/div>\n\t<\/div>\n\t<div class=\"col-lg-12 col-md-12 col-xs-12\"\">\n\t\t<div class=\"form-line\"><label> Uw bericht<span class=\"wpcf7-form-control-wrap\" data-name=\"message\"><textarea cols=\"40\" rows=\"10\" maxlength=\"2000\" class=\"wpcf7-form-control wpcf7-textarea\" aria-invalid=\"false\" name=\"message\"><\/textarea><\/span><\/label><\/div>\n\t<\/div>\n<div class=\"col-lg-12 col-md-12 col-xs-12\">\n\t\t<div class=\"form-line\"><span class=\"wpcf7-form-control-wrap\" data-name=\"acceptance-276\"><span class=\"wpcf7-form-control wpcf7-acceptance\"><span class=\"wpcf7-list-item\"><label><input type=\"checkbox\" name=\"acceptance-276\" value=\"1\" aria-invalid=\"false\" \/><span class=\"wpcf7-list-item-label\">Ik heb de <a href=\"https:\/\/coralesresidences.com\/aviso-legal\/\" rel=\"noopener\">Juridische kennisgeving<\/a>, mbt <a href=\"https:\/\/coralesresidences.com\/politica-de-cookies\/\" rel=\"noopener\">het Cookiebeleid<\/a> en het <a href=\"https:\/\/coralesresidences.com\/politica-de-privacidad\/\" rel=\"noopener\">Privacybeleid gelezen<\/a> en aanvaard<\/span><\/label><\/span><\/span><\/span><\/div>\n\t<\/div>\n\t<div class=\"col-lg-12 col-md-12 col-xs-12\">\n\t\t<div class=\"form-line\"><input class=\"wpcf7-form-control wpcf7-submit has-spinner gem-button-icon-position-left\" type=\"submit\" value=\"Versturen\" \/><\/div>\n\t<\/div>\n<\/div><div class=\"wpcf7-response-output\" aria-hidden=\"true\"><\/div>\n<\/form>\n<\/div>\n[vc_empty_space height=&#8221;100px&#8221; css=&#8221;.vc_custom_1739444093677{margin-bottom: 100px !important;}&#8221;][\/vc_column][\/vc_row][vc_row full_width=&#8221;stretch_row_content&#8221; el_disable_desktop=&#8221;1&#8243; el_disable_tablet=&#8221;1&#8243; css=&#8221;.vc_custom_1743414719327{margin-right: 0px !important;margin-left: 0px !important;padding-right: 0px !important;padding-left: 0px !important;border-color: #FFFFFF00 !important;}&#8221;][vc_column css=&#8221;.vc_custom_1743165786001{padding-right: 0px !important;padding-left: 0px !important;border-color: #FFFFFF !important;}&#8221;][vc_single_image image=&#8221;29387&#8243; img_size=&#8221;full&#8221; alignment=&#8221;center&#8221; css=&#8221;.vc_custom_1743414620418{padding-right: 0px !important;padding-left: 0px !important;}&#8221;][\/vc_column][\/vc_row][vc_row full_width=&#8221;stretch_row&#8221; el_disable_desktop=&#8221;1&#8243; custom_css_code=&#8221;LmxpbmUtc3R5bGUlN0IlMEElMjAlMjAlMjAlMjBwb3NpdGlvbiUzQSUyMHJlbGF0aXZlJTNCJTBBJTIwJTIwJTIwJTIwZGlzcGxheSUzQSUyMGlubGluZS1ibG9jayUzQiUwQSUyMCUyMCUyMCUyMHotaW5kZXglM0ElMjA1JTNCJTBBJTdEJTBBLmxpbmUtc3R5bGUlM0FiZWZvcmUlMjAlN0IlMEElMjAlMjAlMjAlMjBjb250ZW50JTNBJTIwJTI3JTI3JTNCJTBBJTIwJTIwJTIwJTIwcG9zaXRpb24lM0ElMjBhYnNvbHV0ZSUzQiUwQSUyMCUyMCUyMCUyMHRvcCUzQSUyMDUwJTI1JTNCJTBBJTIwJTIwJTIwJTIwbGVmdCUzQSUyMDAlM0IlMEElMjAlMjAlMjAlMjB3aWR0aCUzQSUyMDEwMCUyNSUzQiUwQSUyMCUyMCUyMCUyMGhlaWdodCUzQSUyMDQwJTI1JTNCJTBBJTIwJTIwJTIwJTIwYmFja2dyb3VuZCUzQSUyMCUyM2VlZmY0MSUzQiUwQSUyMCUyMCUyMCUyMHotaW5kZXglM0ElMjAtMSUzQiUwQSU3RA==&#8221; css=&#8221;.vc_custom_1744790286986{background-color: #F5EDE0 !important;}&#8221; el_id=&#8221;contact-rs&#8221;][vc_column][vc_column_text css=&#8221;&#8221;]<\/p>\n<h4 style=\"text-align: center;\">CONTACT<\/h4>\n<p>[\/vc_column_text]\n<div class=\"wpcf7 no-js\" id=\"wpcf7-f910-o2\" lang=\"en-US\" dir=\"ltr\" data-wpcf7-id=\"910\">\n<div class=\"screen-reader-response\"><p role=\"status\" aria-live=\"polite\" aria-atomic=\"true\"><\/p> <ul><\/ul><\/div>\n<form action=\"\/nl\/wp-json\/wp\/v2\/pages\/31277#wpcf7-f910-o2\" method=\"post\" class=\"wpcf7-form init\" aria-label=\"Contact form\" novalidate=\"novalidate\" data-status=\"init\">\n<fieldset class=\"hidden-fields-container\"><input type=\"hidden\" name=\"_wpcf7\" value=\"910\" \/><input type=\"hidden\" name=\"_wpcf7_version\" value=\"6.1.5\" \/><input type=\"hidden\" name=\"_wpcf7_locale\" value=\"en_US\" \/><input type=\"hidden\" name=\"_wpcf7_unit_tag\" value=\"wpcf7-f910-o2\" \/><input type=\"hidden\" name=\"_wpcf7_container_post\" value=\"0\" \/><input type=\"hidden\" name=\"_wpcf7_posted_data_hash\" value=\"\" \/><input type=\"hidden\" name=\"_wpcf7_recaptcha_response\" value=\"\" \/>\n<\/fieldset>\n<div class=\"contact-form\">\n\t<div class=\"col-lg-6 col-md-6 col-xs-12\" >\n\t\t<div class=\"form-line\"><label> Uw naam * <span class=\"wpcf7-form-control-wrap\" data-name=\"your-name\"><input size=\"40\" maxlength=\"400\" class=\"wpcf7-form-control wpcf7-text wpcf7-validates-as-required\" aria-required=\"true\" aria-invalid=\"false\" value=\"\" type=\"text\" name=\"your-name\" \/><\/span> <\/label><\/div>\n\t<\/div>\n\t<div class=\"col-lg-6 col-md-6 col-xs-12\" >\n\t\t<div class=\"form-line\"><label> Uw achternaam * <span class=\"wpcf7-form-control-wrap\" data-name=\"your-surname\"><input size=\"40\" maxlength=\"400\" class=\"wpcf7-form-control wpcf7-text wpcf7-validates-as-required\" aria-required=\"true\" aria-invalid=\"false\" value=\"\" type=\"text\" name=\"your-surname\" \/><\/span> <\/label><\/div>\n\t<\/div>\n\t<div class=\"col-lg-6 col-md-6 col-xs-12\" >\n\t\t<div class=\"form-line\"><label> Uw email * <span class=\"wpcf7-form-control-wrap\" data-name=\"your-email\"><input size=\"40\" maxlength=\"400\" class=\"wpcf7-form-control wpcf7-email wpcf7-validates-as-required wpcf7-text wpcf7-validates-as-email\" aria-required=\"true\" aria-invalid=\"false\" value=\"\" type=\"email\" name=\"your-email\" \/><\/span> <\/label><\/div>\n\t<\/div>\n<div class=\"col-lg-6 col-md-6 col-xs-12\" >\n\t\t<div class=\"form-line\"><label> Uw telefoonnummer * <span class=\"wpcf7-form-control-wrap\" data-name=\"your-phone\"><input size=\"40\" maxlength=\"400\" class=\"wpcf7-form-control wpcf7-text wpcf7-validates-as-required\" aria-required=\"true\" aria-invalid=\"false\" value=\"\" type=\"text\" name=\"your-phone\" \/><\/span> <\/label><\/div>\n\t<\/div>\n\t<div class=\"col-lg-12 col-md-12 col-xs-12\"\">\n\t\t<div class=\"form-line\"><label> Uw bericht<span class=\"wpcf7-form-control-wrap\" data-name=\"message\"><textarea cols=\"40\" rows=\"10\" maxlength=\"2000\" class=\"wpcf7-form-control wpcf7-textarea\" aria-invalid=\"false\" name=\"message\"><\/textarea><\/span><\/label><\/div>\n\t<\/div>\n<div class=\"col-lg-12 col-md-12 col-xs-12\">\n\t\t<div class=\"form-line\"><span class=\"wpcf7-form-control-wrap\" data-name=\"acceptance-276\"><span class=\"wpcf7-form-control wpcf7-acceptance\"><span class=\"wpcf7-list-item\"><label><input type=\"checkbox\" name=\"acceptance-276\" value=\"1\" aria-invalid=\"false\" \/><span class=\"wpcf7-list-item-label\">Ik heb de <a href=\"https:\/\/coralesresidences.com\/aviso-legal\/\" rel=\"noopener\">Juridische kennisgeving<\/a>, mbt <a href=\"https:\/\/coralesresidences.com\/politica-de-cookies\/\" rel=\"noopener\">het Cookiebeleid<\/a> en het <a href=\"https:\/\/coralesresidences.com\/politica-de-privacidad\/\" rel=\"noopener\">Privacybeleid gelezen<\/a> en aanvaard<\/span><\/label><\/span><\/span><\/span><\/div>\n\t<\/div>\n\t<div class=\"col-lg-12 col-md-12 col-xs-12\">\n\t\t<div class=\"form-line\"><input class=\"wpcf7-form-control wpcf7-submit has-spinner gem-button-icon-position-left\" type=\"submit\" value=\"Versturen\" \/><\/div>\n\t<\/div>\n<\/div><div class=\"wpcf7-response-output\" aria-hidden=\"true\"><\/div>\n<\/form>\n<\/div>\n[vc_empty_space height=&#8221;100px&#8221; css=&#8221;.vc_custom_1739444093677{margin-bottom: 100px !important;}&#8221;][\/vc_column][\/vc_row]<\/p>\n<\/div>","protected":false},"excerpt":{"rendered":"<p>[vc_row full_width=&#8221;stretch_row_content_no_spaces&#8221; content_placement=&#8221;bottom&#8221; el_disable_tablet=&#8221;1&#8243; el_disable_mobile=&#8221;1&#8243; css=&#8221;.vc_custom_1744372370853{margin-top: 110px !important;margin-bottom: 0px !important;}&#8221;][vc_column][\/vc_column][\/vc_row][vc_row full_width=&#8221;stretch_row_content_no_spaces&#8221; content_placement=&#8221;bottom&#8221; el_disable_tablet=&#8221;1&#8243; el_disable_mobile=&#8221;1&#8243; css_animation=&#8221;fadeInUp&#8221; css=&#8221;.vc_custom_1744371677593{margin-top: 0px !important;}&#8221; z_index=&#8221;9999&#8243;][vc_column][vc_custom_heading text=&#8221;Veelgestelde&#8230;<\/p>\n","protected":false},"author":1,"featured_media":0,"parent":0,"menu_order":0,"comment_status":"closed","ping_status":"closed","template":"","meta":{"footnotes":""},"class_list":["post-31277","page","type-page","status-publish"],"_links":{"self":[{"href":"https:\/\/coralesresidences.com\/nl\/wp-json\/wp\/v2\/pages\/31277","targetHints":{"allow":["GET"]}}],"collection":[{"href":"https:\/\/coralesresidences.com\/nl\/wp-json\/wp\/v2\/pages"}],"about":[{"href":"https:\/\/coralesresidences.com\/nl\/wp-json\/wp\/v2\/types\/page"}],"author":[{"embeddable":true,"href":"https:\/\/coralesresidences.com\/nl\/wp-json\/wp\/v2\/users\/1"}],"replies":[{"embeddable":true,"href":"https:\/\/coralesresidences.com\/nl\/wp-json\/wp\/v2\/comments?post=31277"}],"version-history":[{"count":4,"href":"https:\/\/coralesresidences.com\/nl\/wp-json\/wp\/v2\/pages\/31277\/revisions"}],"predecessor-version":[{"id":31301,"href":"https:\/\/coralesresidences.com\/nl\/wp-json\/wp\/v2\/pages\/31277\/revisions\/31301"}],"wp:attachment":[{"href":"https:\/\/coralesresidences.com\/nl\/wp-json\/wp\/v2\/media?parent=31277"}],"curies":[{"name":"wp","href":"https:\/\/api.w.org\/{rel}","templated":true}]}}